{"id":1472,"date":"2023-04-24T20:15:22","date_gmt":"2023-04-24T19:15:22","guid":{"rendered":"https:\/\/www.therebello.com\/familial\/"},"modified":"2025-03-05T09:59:02","modified_gmt":"2025-03-05T09:59:02","slug":"familial","status":"publish","type":"page","link":"https:\/\/www.therebello.com\/fr\/familial\/","title":{"rendered":"Familial"},"content":{"rendered":"","protected":false},"excerpt":{"rendered":"","protected":false},"author":1,"featured_media":0,"parent":0,"menu_order":0,"comment_status":"closed","ping_status":"closed","template":"","meta":{"_acf_changed":false,"footnotes":""},"class_list":["post-1472","page","type-page","status-publish","hentry"],"acf":[],"yoast_head":"<!-- This site is optimized with the Yoast SEO plugin v27.4 - https:\/\/yoast.com\/product\/yoast-seo-wordpress\/ -->\n<title>Familial - H\u00f4tel &amp; Spa \u00e0 Porto - The Rebello<\/title>\n<meta name=\"description\" content=\"Faites l&#039;exp\u00e9rience d&#039;un s\u00e9jour vraiment accueillant et agr\u00e9able avec toute la famille dans notre h\u00f4tel de luxe familial \u00e0 Porto.\" \/>\n<meta name=\"robots\" content=\"index, follow, max-snippet:-1, max-image-preview:large, max-video-preview:-1\" \/>\n<link rel=\"canonical\" href=\"https:\/\/www.therebello.com\/fr\/familial\/\" \/>\n<meta property=\"og:locale\" content=\"fr_FR\" \/>\n<meta property=\"og:type\" content=\"article\" \/>\n<meta property=\"og:title\" content=\"Familial - H\u00f4tel &amp; Spa \u00e0 Porto - The Rebello\" \/>\n<meta property=\"og:description\" content=\"Faites l&#039;exp\u00e9rience d&#039;un s\u00e9jour vraiment accueillant et agr\u00e9able avec toute la famille dans notre h\u00f4tel de luxe familial \u00e0 Porto.\" \/>\n<meta property=\"og:url\" content=\"https:\/\/www.therebello.com\/fr\/familial\/\" \/>\n<meta property=\"og:site_name\" content=\"The Rebello\" \/>\n<meta property=\"article:publisher\" content=\"http:\/\/www.facebook.com\/therebellohotel\" \/>\n<meta property=\"article:modified_time\" content=\"2025-03-05T09:59:02+00:00\" \/>\n<meta name=\"twitter:card\" content=\"summary_large_image\" \/>\n<script type=\"application\/ld+json\" class=\"yoast-schema-graph\">{\"@context\":\"https:\\\/\\\/schema.org\",\"@graph\":[{\"@type\":\"WebPage\",\"@id\":\"https:\\\/\\\/www.therebello.com\\\/fr\\\/familial\\\/\",\"url\":\"https:\\\/\\\/www.therebello.com\\\/fr\\\/familial\\\/\",\"name\":\"Familial - H\u00f4tel & Spa \u00e0 Porto - The Rebello\",\"isPartOf\":{\"@id\":\"https:\\\/\\\/www.therebello.com\\\/fr\\\/#website\"},\"datePublished\":\"2023-04-24T19:15:22+00:00\",\"dateModified\":\"2025-03-05T09:59:02+00:00\",\"description\":\"Faites l'exp\u00e9rience d'un s\u00e9jour vraiment accueillant et agr\u00e9able avec toute la famille dans notre h\u00f4tel de luxe familial \u00e0 Porto.\",\"breadcrumb\":{\"@id\":\"https:\\\/\\\/www.therebello.com\\\/fr\\\/familial\\\/#breadcrumb\"},\"inLanguage\":\"fr-FR\",\"potentialAction\":[{\"@type\":\"ReadAction\",\"target\":[\"https:\\\/\\\/www.therebello.com\\\/fr\\\/familial\\\/\"]}]},{\"@type\":\"BreadcrumbList\",\"@id\":\"https:\\\/\\\/www.therebello.com\\\/fr\\\/familial\\\/#breadcrumb\",\"itemListElement\":[{\"@type\":\"ListItem\",\"position\":1,\"name\":\"Home\",\"item\":\"https:\\\/\\\/www.therebello.com\\\/fr\\\/\"},{\"@type\":\"ListItem\",\"position\":2,\"name\":\"Familial\"}]},{\"@type\":\"WebSite\",\"@id\":\"https:\\\/\\\/www.therebello.com\\\/fr\\\/#website\",\"url\":\"https:\\\/\\\/www.therebello.com\\\/fr\\\/\",\"name\":\"The Rebello\",\"description\":\"\",\"publisher\":{\"@id\":\"https:\\\/\\\/www.therebello.com\\\/fr\\\/#organization\"},\"potentialAction\":[{\"@type\":\"SearchAction\",\"target\":{\"@type\":\"EntryPoint\",\"urlTemplate\":\"https:\\\/\\\/www.therebello.com\\\/fr\\\/?s={search_term_string}\"},\"query-input\":{\"@type\":\"PropertyValueSpecification\",\"valueRequired\":true,\"valueName\":\"search_term_string\"}}],\"inLanguage\":\"fr-FR\"},{\"@type\":\"Organization\",\"@id\":\"https:\\\/\\\/www.therebello.com\\\/fr\\\/#organization\",\"name\":\"The Rebello\",\"url\":\"https:\\\/\\\/www.therebello.com\\\/fr\\\/\",\"logo\":{\"@type\":\"ImageObject\",\"inLanguage\":\"fr-FR\",\"@id\":\"https:\\\/\\\/www.therebello.com\\\/fr\\\/#\\\/schema\\\/logo\\\/image\\\/\",\"url\":\"http:\\\/\\\/www.therebello.com\\\/wp-content\\\/uploads\\\/2023\\\/03\\\/the-rebello-logo.jpg\",\"contentUrl\":\"http:\\\/\\\/www.therebello.com\\\/wp-content\\\/uploads\\\/2023\\\/03\\\/the-rebello-logo.jpg\",\"width\":350,\"height\":350,\"caption\":\"The Rebello\"},\"image\":{\"@id\":\"https:\\\/\\\/www.therebello.com\\\/fr\\\/#\\\/schema\\\/logo\\\/image\\\/\"},\"sameAs\":[\"http:\\\/\\\/www.facebook.com\\\/therebellohotel\",\"https:\\\/\\\/www.instagram.com\\\/therebellohotel\\\/\"]}]}<\/script>\n<!-- \/ Yoast SEO plugin. -->","yoast_head_json":{"title":"Familial - H\u00f4tel & Spa \u00e0 Porto - The Rebello","description":"Faites l'exp\u00e9rience d'un s\u00e9jour vraiment accueillant et agr\u00e9able avec toute la famille dans notre h\u00f4tel de luxe familial \u00e0 Porto.","robots":{"index":"index","follow":"follow","max-snippet":"max-snippet:-1","max-image-preview":"max-image-preview:large","max-video-preview":"max-video-preview:-1"},"canonical":"https:\/\/www.therebello.com\/fr\/familial\/","og_locale":"fr_FR","og_type":"article","og_title":"Familial - H\u00f4tel & Spa \u00e0 Porto - The Rebello","og_description":"Faites l'exp\u00e9rience d'un s\u00e9jour vraiment accueillant et agr\u00e9able avec toute la famille dans notre h\u00f4tel de luxe familial \u00e0 Porto.","og_url":"https:\/\/www.therebello.com\/fr\/familial\/","og_site_name":"The Rebello","article_publisher":"http:\/\/www.facebook.com\/therebellohotel","article_modified_time":"2025-03-05T09:59:02+00:00","twitter_card":"summary_large_image","schema":{"@context":"https:\/\/schema.org","@graph":[{"@type":"WebPage","@id":"https:\/\/www.therebello.com\/fr\/familial\/","url":"https:\/\/www.therebello.com\/fr\/familial\/","name":"Familial - H\u00f4tel & Spa \u00e0 Porto - The Rebello","isPartOf":{"@id":"https:\/\/www.therebello.com\/fr\/#website"},"datePublished":"2023-04-24T19:15:22+00:00","dateModified":"2025-03-05T09:59:02+00:00","description":"Faites l'exp\u00e9rience d'un s\u00e9jour vraiment accueillant et agr\u00e9able avec toute la famille dans notre h\u00f4tel de luxe familial \u00e0 Porto.","breadcrumb":{"@id":"https:\/\/www.therebello.com\/fr\/familial\/#breadcrumb"},"inLanguage":"fr-FR","potentialAction":[{"@type":"ReadAction","target":["https:\/\/www.therebello.com\/fr\/familial\/"]}]},{"@type":"BreadcrumbList","@id":"https:\/\/www.therebello.com\/fr\/familial\/#breadcrumb","itemListElement":[{"@type":"ListItem","position":1,"name":"Home","item":"https:\/\/www.therebello.com\/fr\/"},{"@type":"ListItem","position":2,"name":"Familial"}]},{"@type":"WebSite","@id":"https:\/\/www.therebello.com\/fr\/#website","url":"https:\/\/www.therebello.com\/fr\/","name":"The Rebello","description":"","publisher":{"@id":"https:\/\/www.therebello.com\/fr\/#organization"},"potentialAction":[{"@type":"SearchAction","target":{"@type":"EntryPoint","urlTemplate":"https:\/\/www.therebello.com\/fr\/?s={search_term_string}"},"query-input":{"@type":"PropertyValueSpecification","valueRequired":true,"valueName":"search_term_string"}}],"inLanguage":"fr-FR"},{"@type":"Organization","@id":"https:\/\/www.therebello.com\/fr\/#organization","name":"The Rebello","url":"https:\/\/www.therebello.com\/fr\/","logo":{"@type":"ImageObject","inLanguage":"fr-FR","@id":"https:\/\/www.therebello.com\/fr\/#\/schema\/logo\/image\/","url":"http:\/\/www.therebello.com\/wp-content\/uploads\/2023\/03\/the-rebello-logo.jpg","contentUrl":"http:\/\/www.therebello.com\/wp-content\/uploads\/2023\/03\/the-rebello-logo.jpg","width":350,"height":350,"caption":"The Rebello"},"image":{"@id":"https:\/\/www.therebello.com\/fr\/#\/schema\/logo\/image\/"},"sameAs":["http:\/\/www.facebook.com\/therebellohotel","https:\/\/www.instagram.com\/therebellohotel\/"]}]}},"_links":{"self":[{"href":"https:\/\/www.therebello.com\/fr\/wp-json\/wp\/v2\/pages\/1472","targetHints":{"allow":["GET"]}}],"collection":[{"href":"https:\/\/www.therebello.com\/fr\/wp-json\/wp\/v2\/pages"}],"about":[{"href":"https:\/\/www.therebello.com\/fr\/wp-json\/wp\/v2\/types\/page"}],"author":[{"embeddable":true,"href":"https:\/\/www.therebello.com\/fr\/wp-json\/wp\/v2\/users\/1"}],"replies":[{"embeddable":true,"href":"https:\/\/www.therebello.com\/fr\/wp-json\/wp\/v2\/comments?post=1472"}],"version-history":[{"count":0,"href":"https:\/\/www.therebello.com\/fr\/wp-json\/wp\/v2\/pages\/1472\/revisions"}],"wp:attachment":[{"href":"https:\/\/www.therebello.com\/fr\/wp-json\/wp\/v2\/media?parent=1472"}],"curies":[{"name":"wp","href":"https:\/\/api.w.org\/{rel}","templated":true}]}}